{"id":11830,"date":"2019-11-13T17:47:57","date_gmt":"2019-11-13T16:47:57","guid":{"rendered":"http:\/\/loveairyoga.com\/nos-offres-love-air-yoga\/"},"modified":"2019-11-27T14:29:01","modified_gmt":"2019-11-27T13:29:01","slug":"nos-offres-love-air-yoga","status":"publish","type":"page","link":"https:\/\/loveairyoga.com\/en\/nos-offres-love-air-yoga\/","title":{"rendered":"Our Love Air Yoga Offers"},"content":{"rendered":"<p>[vc_row css=&#8221;.vc_custom_1542955832597{padding-top: 20px !important;padding-bottom: 5px !important;}&#8221;][vc_column][vc_empty_space height=&#8221;10px&#8221;][vc_column_text]<\/p>\n<h2 style=\"text-align: left;\"><strong><span class=\"tlid-translation translation\" lang=\"en\"><span class=\"\" title=\"\">Aerial Yoga<\/span><\/span>&#8230;<\/strong><\/h2>\n<p>[\/vc_column_text][vc_column_text]<\/p>\n<blockquote><p><span class=\"tlid-translation translation\" lang=\"en\"><span class=\"\" title=\"\">Air Yoga, Air Yoga or Air Yogalates is a method that merges yoga pilates with dance and aerial arts.<\/span><\/span><\/p>\n<p><span title=\"\">This method is suitable for all ages and can vary in intensity depending on the level.<\/span> <span title=\"\">It respects the limitations of the bodies of individuals and allows progress in the realization of yoga postures.<\/span><\/p>\n<p><span title=\"\">A progressive technique that not only promotes the release of toxins and blockages but restores balance energy and body alignment.<\/span> <span title=\"\">A practice that soothes the mind &#8230;<\/span><\/p><\/blockquote>\n<p>[\/vc_column_text][vc_empty_space height=&#8221;10px&#8221;][\/vc_column][\/vc_row][vc_row el_class=&#8221;st-become-feature-wrapper text-center&#8221;][vc_column][vc_separator border_width=&#8221;2&#8243;][vc_empty_space height=&#8221;10px&#8221;][vc_column_text]<\/p>\n<h2 style=\"text-align: center;\"><strong><span class=\"tlid-translation translation\" lang=\"en\"><span class=\"\" title=\"\">Discover and choose the offer that suits you :<\/span><\/span><\/strong><\/h2>\n<p>[\/vc_column_text][vc_empty_space height=&#8221;15px&#8221;][vc_row_inner el_class=&#8221;st-become-feature text-center&#8221;][vc_column_inner el_class=&#8221;column1&#8243; width=&#8221;1\/3&#8243;][vc_single_image image=&#8221;11824&#8243; img_size=&#8221;medium&#8221; alignment=&#8221;center&#8221;][vc_column_text]<\/p>\n<h3><span class=\"tlid-translation translation\" lang=\"en\"><span class=\"\" title=\"\">Aerial Yoga classes<\/span><\/span><\/h3>\n<p>[\/vc_column_text][vc_column_text]<span class=\"tlid-translation translation\" lang=\"en\"><span title=\"\">A surprising journey with yourself and to\u00a0<span class=\"st\">self-awareness<\/span> begins..<\/span><\/span><\/p>\n<p><em><span class=\"\" title=\"\">Location: Casablanca<\/span><\/em>[\/vc_column_text][vc_empty_space height=&#8221;5px&#8221;][vc_btn title=&#8221;Learn More&#8221; style=&#8221;flat&#8221; color=&#8221;info&#8221; size=&#8221;lg&#8221; align=&#8221;center&#8221; link=&#8221;url:https%3A%2F%2Floveairyoga.com%2Fles-cours-de-yoga-aerien%2F%3Flang%3Den|||&#8221;][\/vc_column_inner][vc_column_inner width=&#8221;1\/3&#8243;][vc_single_image image=&#8221;11447&#8243; img_size=&#8221;medium&#8221; alignment=&#8221;center&#8221;][vc_column_text]<\/p>\n<h3>Terre Essentielle <span class=\"tlid-translation translation\" lang=\"en\"><span class=\"\" title=\"\">Weekends<\/span><\/span><\/h3>\n<p>[\/vc_column_text][vc_column_text]<span class=\"tlid-translation translation\" lang=\"en\"><span class=\"\" title=\"\">Well-being and happiness: it takes little to be happy!<\/span><\/span><\/p>\n<p><em><span class=\"\" title=\"\">Location: Dar Bouazza<\/span><\/em>[\/vc_column_text][vc_empty_space height=&#8221;5px&#8221;][vc_btn title=&#8221;Learn More&#8221; style=&#8221;flat&#8221; color=&#8221;info&#8221; size=&#8221;lg&#8221; align=&#8221;center&#8221; link=&#8221;url:https%3A%2F%2Floveairyoga.com%2Fweekends-a-terre-essentielles%2F%3Flang%3Den|||&#8221;][\/vc_column_inner][vc_column_inner width=&#8221;1\/3&#8243;][vc_single_image image=&#8221;11931&#8243; img_size=&#8221;medium&#8221; alignment=&#8221;center&#8221;][vc_column_text]<\/p>\n<h3><span class=\"tlid-translation translation\" lang=\"en\"><span class=\"\" title=\"\">Retreats in Ksar Massa<\/span><\/span><\/h3>\n<p>[\/vc_column_text][vc_column_text]<span class=\"tlid-translation translation\" lang=\"en\"><span title=\"\">The awakening to joy, let yourself live, rocked by a wild nature..<\/span><\/span><\/p>\n<p><em><span class=\"\" title=\"\">Location: South Agadir<\/span><\/em>[\/vc_column_text][vc_empty_space height=&#8221;5px&#8221;][vc_btn title=&#8221;Learn More&#8221; style=&#8221;flat&#8221; color=&#8221;info&#8221; size=&#8221;lg&#8221; align=&#8221;center&#8221; link=&#8221;url:https%3A%2F%2Floveairyoga.com%2Fretraites-yoga-a-ksar-massa%2F%3Flang%3Den|||&#8221;][\/vc_column_inner][\/vc_row_inner][vc_empty_space height=&#8221;20px&#8221;][\/vc_column][\/vc_row]<\/p>\n","protected":false},"excerpt":{"rendered":"<p>[vc_row css=&#8221;.vc_custom_1542955832597{padding-top: 20px !important;padding-bottom: 5px !important;}&#8221;][vc_column][vc_empty_space height=&#8221;10px&#8221;][vc_column_text] Aerial Yoga&#8230; [\/vc_column_text][vc_column_text] Air Yoga, Air Yoga or Air Yogalates is a method that merges yoga pilates with dance and aerial arts. This method is suitable for all ages and can vary in intensity depending on the level. It respects the limitations of the bodies of individuals and [&hellip;]<\/p>\n","protected":false},"author":1,"featured_media":11190,"parent":0,"menu_order":0,"comment_status":"closed","ping_status":"closed","template":"template-home-modern.php","meta":[],"yoast_head":"<!-- This site is optimized with the Yoast SEO plugin v18.5.1 - https:\/\/yoast.com\/wordpress\/plugins\/seo\/ -->\n<title>Nos Offres Love Air yoga, des cours ou retraites de Yoga A\u00e9rien | Maroc<\/title>\n<meta name=\"description\" content=\"Cours de Yoga A\u00e9rien, Weekends \u00e0 Terre Essentielle ou Retraites \u00e0 Ksar Massa, d\u00e9couvrez et choisissez l\u2019offre qui vous convient \u00e0 Love Air Yoga.\" \/>\n<meta name=\"robots\" content=\"index, follow, max-snippet:-1, max-image-preview:large, max-video-preview:-1\" \/>\n<link rel=\"canonical\" href=\"https:\/\/loveairyoga.com\/en\/nos-offres-love-air-yoga\/\" \/>\n<meta property=\"og:locale\" content=\"en_US\" \/>\n<meta property=\"og:type\" content=\"article\" \/>\n<meta property=\"og:title\" content=\"Nos Offres Love Air yoga, des cours ou retraites de Yoga A\u00e9rien | Maroc\" \/>\n<meta property=\"og:description\" content=\"Cours de Yoga A\u00e9rien, Weekends \u00e0 Terre Essentielle ou Retraites \u00e0 Ksar Massa, d\u00e9couvrez et choisissez l\u2019offre qui vous convient \u00e0 Love Air Yoga.\" \/>\n<meta property=\"og:url\" content=\"https:\/\/loveairyoga.com\/en\/nos-offres-love-air-yoga\/\" \/>\n<meta property=\"og:site_name\" content=\"Love Air Yoga\" \/>\n<meta property=\"article:modified_time\" content=\"2019-11-27T13:29:01+00:00\" \/>\n<meta property=\"og:image\" content=\"https:\/\/loveairyoga.com\/wp-content\/uploads\/2019\/05\/retraite-yoga-maroc-massage-meditation-aerien-asana-luxury-retreat.jpg\" \/>\n\t<meta property=\"og:image:width\" content=\"1349\" \/>\n\t<meta property=\"og:image:height\" content=\"202\" \/>\n\t<meta property=\"og:image:type\" content=\"image\/jpeg\" \/>\n<meta name=\"twitter:card\" content=\"summary_large_image\" \/>\n<meta name=\"twitter:label1\" content=\"Est. reading time\" \/>\n\t<meta name=\"twitter:data1\" content=\"2 minutes\" \/>\n<script type=\"application\/ld+json\" class=\"yoast-schema-graph\">{\"@context\":\"https:\/\/schema.org\",\"@graph\":[{\"@type\":\"Organization\",\"@id\":\"https:\/\/loveairyoga.com\/en\/#organization\",\"name\":\"Love Air Yoga\",\"url\":\"https:\/\/loveairyoga.com\/en\/\",\"sameAs\":[],\"logo\":{\"@type\":\"ImageObject\",\"@id\":\"https:\/\/loveairyoga.com\/en\/#logo\",\"inLanguage\":\"en-US\",\"url\":\"https:\/\/loveairyoga.com\/wp-content\/uploads\/2019\/03\/cropped-logo-love-air-yoga-2.png\",\"contentUrl\":\"https:\/\/loveairyoga.com\/wp-content\/uploads\/2019\/03\/cropped-logo-love-air-yoga-2.png\",\"width\":123,\"height\":60,\"caption\":\"Love Air Yoga\"},\"image\":{\"@id\":\"https:\/\/loveairyoga.com\/en\/#logo\"}},{\"@type\":\"WebSite\",\"@id\":\"https:\/\/loveairyoga.com\/en\/#website\",\"url\":\"https:\/\/loveairyoga.com\/en\/\",\"name\":\"Love Air Yoga\",\"description\":\"Un site utilisant WordPress\",\"publisher\":{\"@id\":\"https:\/\/loveairyoga.com\/en\/#organization\"},\"potentialAction\":[{\"@type\":\"SearchAction\",\"target\":{\"@type\":\"EntryPoint\",\"urlTemplate\":\"https:\/\/loveairyoga.com\/en\/?s={search_term_string}\"},\"query-input\":\"required name=search_term_string\"}],\"inLanguage\":\"en-US\"},{\"@type\":\"ImageObject\",\"@id\":\"https:\/\/loveairyoga.com\/en\/nos-offres-love-air-yoga\/#primaryimage\",\"inLanguage\":\"en-US\",\"url\":\"https:\/\/loveairyoga.com\/wp-content\/uploads\/2019\/05\/retraite-yoga-maroc-massage-meditation-aerien-asana-luxury-retreat.jpg\",\"contentUrl\":\"https:\/\/loveairyoga.com\/wp-content\/uploads\/2019\/05\/retraite-yoga-maroc-massage-meditation-aerien-asana-luxury-retreat.jpg\",\"width\":1349,\"height\":202,\"caption\":\"retraite-yoga-maroc-massage-meditation-aerien-asana-luxury-retreat-agadir-offres\"},{\"@type\":\"WebPage\",\"@id\":\"https:\/\/loveairyoga.com\/en\/nos-offres-love-air-yoga\/#webpage\",\"url\":\"https:\/\/loveairyoga.com\/en\/nos-offres-love-air-yoga\/\",\"name\":\"Nos Offres Love Air yoga, des cours ou retraites de Yoga A\u00e9rien | Maroc\",\"isPartOf\":{\"@id\":\"https:\/\/loveairyoga.com\/en\/#website\"},\"primaryImageOfPage\":{\"@id\":\"https:\/\/loveairyoga.com\/en\/nos-offres-love-air-yoga\/#primaryimage\"},\"datePublished\":\"2019-11-13T16:47:57+00:00\",\"dateModified\":\"2019-11-27T13:29:01+00:00\",\"description\":\"Cours de Yoga A\u00e9rien, Weekends \u00e0 Terre Essentielle ou Retraites \u00e0 Ksar Massa, d\u00e9couvrez et choisissez l\u2019offre qui vous convient \u00e0 Love Air Yoga.\",\"breadcrumb\":{\"@id\":\"https:\/\/loveairyoga.com\/en\/nos-offres-love-air-yoga\/#breadcrumb\"},\"inLanguage\":\"en-US\",\"potentialAction\":[{\"@type\":\"ReadAction\",\"target\":[\"https:\/\/loveairyoga.com\/en\/nos-offres-love-air-yoga\/\"]}]},{\"@type\":\"BreadcrumbList\",\"@id\":\"https:\/\/loveairyoga.com\/en\/nos-offres-love-air-yoga\/#breadcrumb\",\"itemListElement\":[{\"@type\":\"ListItem\",\"position\":1,\"name\":\"Accueil\",\"item\":\"https:\/\/loveairyoga.com\/en\/\"},{\"@type\":\"ListItem\",\"position\":2,\"name\":\"Our Love Air Yoga Offers\"}]}]}<\/script>\n<!-- \/ Yoast SEO plugin. -->","yoast_head_json":{"title":"Nos Offres Love Air yoga, des cours ou retraites de Yoga A\u00e9rien | Maroc","description":"Cours de Yoga A\u00e9rien, Weekends \u00e0 Terre Essentielle ou Retraites \u00e0 Ksar Massa, d\u00e9couvrez et choisissez l\u2019offre qui vous convient \u00e0 Love Air Yoga.","robots":{"index":"index","follow":"follow","max-snippet":"max-snippet:-1","max-image-preview":"max-image-preview:large","max-video-preview":"max-video-preview:-1"},"canonical":"https:\/\/loveairyoga.com\/en\/nos-offres-love-air-yoga\/","og_locale":"en_US","og_type":"article","og_title":"Nos Offres Love Air yoga, des cours ou retraites de Yoga A\u00e9rien | Maroc","og_description":"Cours de Yoga A\u00e9rien, Weekends \u00e0 Terre Essentielle ou Retraites \u00e0 Ksar Massa, d\u00e9couvrez et choisissez l\u2019offre qui vous convient \u00e0 Love Air Yoga.","og_url":"https:\/\/loveairyoga.com\/en\/nos-offres-love-air-yoga\/","og_site_name":"Love Air Yoga","article_modified_time":"2019-11-27T13:29:01+00:00","og_image":[{"width":1349,"height":202,"url":"https:\/\/loveairyoga.com\/wp-content\/uploads\/2019\/05\/retraite-yoga-maroc-massage-meditation-aerien-asana-luxury-retreat.jpg","type":"image\/jpeg"}],"twitter_card":"summary_large_image","twitter_misc":{"Est. reading time":"2 minutes"},"schema":{"@context":"https:\/\/schema.org","@graph":[{"@type":"Organization","@id":"https:\/\/loveairyoga.com\/en\/#organization","name":"Love Air Yoga","url":"https:\/\/loveairyoga.com\/en\/","sameAs":[],"logo":{"@type":"ImageObject","@id":"https:\/\/loveairyoga.com\/en\/#logo","inLanguage":"en-US","url":"https:\/\/loveairyoga.com\/wp-content\/uploads\/2019\/03\/cropped-logo-love-air-yoga-2.png","contentUrl":"https:\/\/loveairyoga.com\/wp-content\/uploads\/2019\/03\/cropped-logo-love-air-yoga-2.png","width":123,"height":60,"caption":"Love Air Yoga"},"image":{"@id":"https:\/\/loveairyoga.com\/en\/#logo"}},{"@type":"WebSite","@id":"https:\/\/loveairyoga.com\/en\/#website","url":"https:\/\/loveairyoga.com\/en\/","name":"Love Air Yoga","description":"Un site utilisant WordPress","publisher":{"@id":"https:\/\/loveairyoga.com\/en\/#organization"},"potentialAction":[{"@type":"SearchAction","target":{"@type":"EntryPoint","urlTemplate":"https:\/\/loveairyoga.com\/en\/?s={search_term_string}"},"query-input":"required name=search_term_string"}],"inLanguage":"en-US"},{"@type":"ImageObject","@id":"https:\/\/loveairyoga.com\/en\/nos-offres-love-air-yoga\/#primaryimage","inLanguage":"en-US","url":"https:\/\/loveairyoga.com\/wp-content\/uploads\/2019\/05\/retraite-yoga-maroc-massage-meditation-aerien-asana-luxury-retreat.jpg","contentUrl":"https:\/\/loveairyoga.com\/wp-content\/uploads\/2019\/05\/retraite-yoga-maroc-massage-meditation-aerien-asana-luxury-retreat.jpg","width":1349,"height":202,"caption":"retraite-yoga-maroc-massage-meditation-aerien-asana-luxury-retreat-agadir-offres"},{"@type":"WebPage","@id":"https:\/\/loveairyoga.com\/en\/nos-offres-love-air-yoga\/#webpage","url":"https:\/\/loveairyoga.com\/en\/nos-offres-love-air-yoga\/","name":"Nos Offres Love Air yoga, des cours ou retraites de Yoga A\u00e9rien | Maroc","isPartOf":{"@id":"https:\/\/loveairyoga.com\/en\/#website"},"primaryImageOfPage":{"@id":"https:\/\/loveairyoga.com\/en\/nos-offres-love-air-yoga\/#primaryimage"},"datePublished":"2019-11-13T16:47:57+00:00","dateModified":"2019-11-27T13:29:01+00:00","description":"Cours de Yoga A\u00e9rien, Weekends \u00e0 Terre Essentielle ou Retraites \u00e0 Ksar Massa, d\u00e9couvrez et choisissez l\u2019offre qui vous convient \u00e0 Love Air Yoga.","breadcrumb":{"@id":"https:\/\/loveairyoga.com\/en\/nos-offres-love-air-yoga\/#breadcrumb"},"inLanguage":"en-US","potentialAction":[{"@type":"ReadAction","target":["https:\/\/loveairyoga.com\/en\/nos-offres-love-air-yoga\/"]}]},{"@type":"BreadcrumbList","@id":"https:\/\/loveairyoga.com\/en\/nos-offres-love-air-yoga\/#breadcrumb","itemListElement":[{"@type":"ListItem","position":1,"name":"Accueil","item":"https:\/\/loveairyoga.com\/en\/"},{"@type":"ListItem","position":2,"name":"Our Love Air Yoga Offers"}]}]}},"_links":{"self":[{"href":"https:\/\/loveairyoga.com\/en\/wp-json\/wp\/v2\/pages\/11830"}],"collection":[{"href":"https:\/\/loveairyoga.com\/en\/wp-json\/wp\/v2\/pages"}],"about":[{"href":"https:\/\/loveairyoga.com\/en\/wp-json\/wp\/v2\/types\/page"}],"author":[{"embeddable":true,"href":"https:\/\/loveairyoga.com\/en\/wp-json\/wp\/v2\/users\/1"}],"replies":[{"embeddable":true,"href":"https:\/\/loveairyoga.com\/en\/wp-json\/wp\/v2\/comments?post=11830"}],"version-history":[{"count":18,"href":"https:\/\/loveairyoga.com\/en\/wp-json\/wp\/v2\/pages\/11830\/revisions"}],"predecessor-version":[{"id":11933,"href":"https:\/\/loveairyoga.com\/en\/wp-json\/wp\/v2\/pages\/11830\/revisions\/11933"}],"wp:featuredmedia":[{"embeddable":true,"href":"https:\/\/loveairyoga.com\/en\/wp-json\/wp\/v2\/media\/11190"}],"wp:attachment":[{"href":"https:\/\/loveairyoga.com\/en\/wp-json\/wp\/v2\/media?parent=11830"}],"curies":[{"name":"wp","href":"https:\/\/api.w.org\/{rel}","templated":true}]}}