{"id":11189,"date":"2019-06-11T15:30:26","date_gmt":"2019-06-11T13:30:26","guid":{"rendered":"https:\/\/loveairyoga.com\/our-yoga-retreat-offers\/"},"modified":"2023-05-04T16:45:23","modified_gmt":"2023-05-04T14:45:23","slug":"our-yoga-retreat-offers","status":"publish","type":"page","link":"https:\/\/loveairyoga.com\/en\/our-yoga-retreat-offers\/","title":{"rendered":"Aerial yoga retreat in Kohinor"},"content":{"rendered":"<p>[vc_row css=&#8221;.vc_custom_1542955832597{padding-top: 20px !important;padding-bottom: 5px !important;}&#8221;][vc_column width=&#8221;1\/2&#8243;][vc_empty_space height=&#8221;10px&#8221;][vc_column_text]<\/p>\n<h2 style=\"text-align: left;\"><strong>Kohinor: Where Magic Meets Well-being<\/strong><\/h2>\n<p>[\/vc_column_text][vc_column_text]We are delighted to introduce a new Aerial Yoga retreat in Morocco, which will take you to a magical new location, a true hidden gem: Kohinor!<\/p>\n<blockquote><p>Nestled in a lush garden, Kohinor is a little piece of paradise where you can disconnect from the world and connect with yourself from <strong>May 25th to 30th<\/strong>.<\/p><\/blockquote>\n<p>With a nearby deserted beach and a lagoon inhabited by pink flamingos, this guesthouse offers a breathtakingly beautiful, preserved natural setting.[\/vc_column_text][vc_separator css=&#8221;.vc_custom_1681908674276{padding-top: 10px !important;padding-bottom: 10px !important;}&#8221;][vc_column_text]<\/p>\n<h2 style=\"text-align: left;\"><strong>During your stay, you will love:<\/strong><\/h2>\n<p>[\/vc_column_text][vc_column_text]<\/p>\n<ul>\n<li>Our yoga room is nestled in this privileged location, making it the ideal space to practice your aerial yoga in complete tranquility.<\/li>\n<li>We offer a unique new experience in a small group setting, limited to just 10 hammocks, during which each participant will receive individual attention.<\/li>\n<li>Outside of your classes, you can also relax in the pool with a panoramic view of the Sidi Moussa lagoon, indulge in relaxing treatments in the sauna or hammam, and pamper yourself with professional massages.<\/li>\n<\/ul>\n<p>[\/vc_column_text][vc_separator css=&#8221;.vc_custom_1681908674276{padding-top: 10px !important;padding-bottom: 10px !important;}&#8221;][vc_column_text]<\/p>\n<h3 style=\"text-align: left;\"><strong>Included<\/strong><\/h3>\n<p>[\/vc_column_text][vc_column_text]<\/p>\n<ul>\n<li>5 nights of hotel accommodation in a single room<\/li>\n<li>Full board<\/li>\n<li>Yoga classes<\/li>\n<li>Guided meditations<\/li>\n<li>Workshops: Mandala \u2013 Postures \u2013 Photos<\/li>\n<li>Daily detox juices<\/li>\n<\/ul>\n<p>[\/vc_column_text][vc_column_text]<\/p>\n<h3 style=\"text-align: left;\"><strong>Optional<\/strong><\/h3>\n<p>[\/vc_column_text][vc_column_text]<\/p>\n<ul>\n<li>Massages (600dhs \/ 54 euros per session)<\/li>\n<li>Hammam + scrub (400dhs \/ 36 euros)<\/li>\n<li>Sauna (300dhs \/ 27 euros)<\/li>\n<li>Transfer from Casablanca airport (Price on request)<\/li>\n<li>Extras (Water, Coffee, snacks)<\/li>\n<li>Individual taxi transfer<\/li>\n<\/ul>\n<p>[\/vc_column_text][vc_separator css=&#8221;.vc_custom_1681908674276{padding-top: 10px !important;padding-bottom: 10px !important;}&#8221;][vc_column_text]<\/p>\n<h3 style=\"text-align: left;\"><strong>Accommodation<\/strong><\/h3>\n<p>[\/vc_column_text][vc_column_text]Located in Sidi Moussa, between Casablanca and Oualidia, the Kohinor guesthouse where you will stay offers 3 types of rooms with private bathrooms.<\/p>\n<p>The Kohinor hotel is an artistic sanctuary. The building&#8217;s walls showcase the works of artists from various backgrounds: Thierry Miramon, Jacques Pellegrin, Josep Bofill, Roland Shalamberidze&#8230; Each living room, each staircase carries a story, a truth&#8230; that we invite you to discover and interpret for yourself.<\/p>\n<p>Just 10 minutes from the hotel, stroll along the beach dunes and swim in the fresh waters of its lagoon.[\/vc_column_text][vc_empty_space height=&#8221;10px&#8221;][vc_column_text]<\/p>\n<h3 style=\"text-align: left;\"><strong>Our Offers<br \/>\n<\/strong><\/h3>\n<p>[\/vc_column_text][\/vc_column][vc_column width=&#8221;1\/2&#8243; offset=&#8221;vc_hidden-sm vc_hidden-xs&#8221;][vc_empty_space height=&#8221;10px&#8221;][vc_single_image image=&#8221;14016&#8243; img_size=&#8221;full&#8221;][vc_single_image image=&#8221;14018&#8243; img_size=&#8221;full&#8221; alignment=&#8221;center&#8221;][vc_single_image image=&#8221;14037&#8243; img_size=&#8221;full&#8221; alignment=&#8221;center&#8221;][\/vc_column][\/vc_row][vc_row disable_element=&#8221;yes&#8221; css=&#8221;.vc_custom_1681906366347{padding-top: 20px !important;padding-bottom: 5px !important;}&#8221;][vc_column width=&#8221;1\/2&#8243;][vc_empty_space height=&#8221;10px&#8221;][vc_column_text]<\/p>\n<h2 style=\"text-align: left;\"><strong>Kohinor ou quand la magie c\u00f4toie le bien \u00eatre<\/strong><\/h2>\n<p>[\/vc_column_text][vc_column_text]<\/p>\n<blockquote><p>Nous sommes heureux de vous annoncer notre prochaine retraite de yoga a\u00e9rien dans un lieu magique nouvellement d\u00e9couvert.<\/p>\n<p>Imaginez vous envelopp\u00e9 dans les magnifiques paysages naturels tout en pratiquant le yoga dans les airs. Cette retraite unique vous permettra de vous reconnecter \u00e0 votre corps et \u00e0 votre esprit tout en explorant de nouvelles sensations.<\/p>\n<p>Nous avons pr\u00e9par\u00e9 une s\u00e9rie de cours tout en douceur pour vous guider dans cette exp\u00e9rience m\u00e9morable.<\/p><\/blockquote>\n<p>[\/vc_column_text][\/vc_column][vc_column width=&#8221;1\/2&#8243;][vc_empty_space height=&#8221;10px&#8221;][vc_single_image image=&#8221;14016&#8243; img_size=&#8221;full&#8221;][\/vc_column][\/vc_row][vc_row][vc_column width=&#8221;1\/3&#8243;][vc_single_image image=&#8221;14071&#8243; img_size=&#8221;full&#8221; alignment=&#8221;center&#8221;][vc_column_text]<\/p>\n<blockquote><p>Standard Room (35m2)<br \/>\n<strong>1600 \u20ac ALL INCLUSIVE<\/strong><\/p><\/blockquote>\n<p>[\/vc_column_text][vc_empty_space height=&#8221;10px&#8221;][\/vc_column][vc_column width=&#8221;1\/3&#8243;][vc_single_image image=&#8221;14073&#8243; img_size=&#8221;full&#8221; alignment=&#8221;center&#8221;][vc_column_text]<\/p>\n<blockquote><p>Junior Suite (45 m2)<br \/>\n<strong>2200 \u20ac ALL INCLUSIVE<\/strong><\/p><\/blockquote>\n<p>[\/vc_column_text][vc_empty_space height=&#8221;10px&#8221;][\/vc_column][vc_column width=&#8221;1\/3&#8243;][vc_single_image image=&#8221;14075&#8243; img_size=&#8221;full&#8221; alignment=&#8221;center&#8221;][vc_column_text]<\/p>\n<blockquote><p>Kohinor Suite (55m2)<br \/>\n<strong>2400 \u20ac ALL INCLUSIVE<\/strong><\/p><\/blockquote>\n<p>[\/vc_column_text][vc_empty_space height=&#8221;10px&#8221;][\/vc_column][\/vc_row][vc_row full_width=&#8221;stretch_row_content_no_spaces&#8221; content_placement=&#8221;middle&#8221; css=&#8221;.vc_custom_1556015530268{background-color: #4287f8 !important;}&#8221;][vc_column][vc_empty_space height=&#8221;40px&#8221;][vc_row_inner css=&#8221;.vc_custom_1676899750776{padding-right: 10% !important;padding-left: 10% !important;}&#8221;][vc_column_inner][vc_column_text]<\/p>\n<h2 style=\"color: #ffffff; text-align: center;\">Don&#8217;t miss this opportunity to thrive in an enchanting setting.<\/h2>\n<h3 style=\"color: #ffffff; text-align: center;\">Book your place now for this unique experience!<\/h3>\n<p>[\/vc_column_text][\/vc_column_inner][\/vc_row_inner][vc_row_inner][vc_column_inner width=&#8221;1\/4&#8243;][\/vc_column_inner][vc_column_inner width=&#8221;1\/2&#8243;]<div role=\"form\" class=\"wpcf7\" id=\"wpcf7-f14087-o1\" lang=\"fr-FR\" dir=\"ltr\">\n<div class=\"screen-reader-response\"><p role=\"status\" aria-live=\"polite\" aria-atomic=\"true\"><\/p> <ul><\/ul><\/div>\n<form action=\"\/en\/wp-json\/wp\/v2\/pages\/11189#wpcf7-f14087-o1\" method=\"post\" class=\"wpcf7-form init\" novalidate=\"novalidate\" data-status=\"init\">\n<div style=\"display: none;\">\n<input type=\"hidden\" name=\"_wpcf7\" value=\"14087\" \/>\n<input type=\"hidden\" name=\"_wpcf7_version\" value=\"5.5.6\" \/>\n<input type=\"hidden\" name=\"_wpcf7_locale\" value=\"fr_FR\" \/>\n<input type=\"hidden\" name=\"_wpcf7_unit_tag\" value=\"wpcf7-f14087-o1\" \/>\n<input type=\"hidden\" name=\"_wpcf7_container_post\" value=\"0\" \/>\n<input type=\"hidden\" name=\"_wpcf7_posted_data_hash\" value=\"\" \/>\n<input type=\"hidden\" name=\"_wpcf7_recaptcha_response\" value=\"\" \/>\n<\/div>\n<div class=\"contact-form\">\n<div class=\"form-group\">\n<span class=\"wpcf7-form-control-wrap your-name\"><input type=\"text\" name=\"your-name\" value=\"\" size=\"40\" class=\"wpcf7-form-control wpcf7-text wpcf7-validates-as-required form-control\" aria-required=\"true\" aria-invalid=\"false\" placeholder=\"Your last name\" \/><\/span>\n                            <\/div>\n<div class=\"form-group\">\n<span class=\"wpcf7-form-control-wrap prenom\"><input type=\"text\" name=\"prenom\" value=\"\" size=\"40\" class=\"wpcf7-form-control wpcf7-text wpcf7-validates-as-required form-control\" aria-required=\"true\" aria-invalid=\"false\" placeholder=\"Your first name\" \/><\/span>\n                            <\/div>\n<div class=\"form-group\">\n<span class=\"wpcf7-form-control-wrap your-email\"><input type=\"email\" name=\"your-email\" value=\"\" size=\"40\" class=\"wpcf7-form-control wpcf7-text wpcf7-email wpcf7-validates-as-required wpcf7-validates-as-email form-control\" aria-required=\"true\" aria-invalid=\"false\" placeholder=\"Your email\" \/><\/span>\n                            <\/div>\n<div class=\"form-group\">\n<span class=\"wpcf7-form-control-wrap your-phone\"><input type=\"tel\" name=\"your-phone\" value=\"\" size=\"40\" class=\"wpcf7-form-control wpcf7-text wpcf7-tel wpcf7-validates-as-required wpcf7-validates-as-tel form-control\" aria-required=\"true\" aria-invalid=\"false\" placeholder=\"Your phone\" \/><\/span>\n                            <\/div>\n<div class=\"form-group\">\nChoose your room :<br \/>\n<span class=\"wpcf7-form-control-wrap Chambres\"><select name=\"Chambres\" class=\"wpcf7-form-control wpcf7-select wpcf7-validates-as-required\" aria-required=\"true\" aria-invalid=\"false\"><option value=\"Standard Room (35m2) 1600\u20ac\">Standard Room (35m2) 1600\u20ac<\/option><option value=\"Junior Suite (45 m2) 2200\u20ac\">Junior Suite (45 m2) 2200\u20ac<\/option><option value=\"Kohinor Suite(55m2) 2400\u20ac\">Kohinor Suite(55m2) 2400\u20ac<\/option><\/select><\/span>\n                            <\/div>\n<p>Type the code: <input type=\"hidden\" name=\"_wpcf7_captcha_challenge_captcha-118\" value=\"1376146045\" \/><img class=\"wpcf7-form-control wpcf7-captchac wpcf7-captcha-captcha-118\" width=\"84\" height=\"28\" alt=\"captcha\" src=\"https:\/\/loveairyoga.com\/wp-content\/uploads\/wpcf7_captcha\/1376146045.png\" \/><br \/>\n<span class=\"wpcf7-form-control-wrap captcha-118\"><input type=\"text\" name=\"captcha-118\" value=\"\" size=\"4\" maxlength=\"4\" class=\"wpcf7-form-control wpcf7-captchar\" autocomplete=\"off\" aria-invalid=\"false\" \/><\/span><\/p>\n<p><input type=\"submit\" value=\"BOOK YOUR STAY\" class=\"wpcf7-form-control has-spinner wpcf7-submit btn btn-primary\" \/><\/p>\n<\/div>\n<input type='hidden' class='wpcf7-pum' value='{\"closepopup\":false,\"closedelay\":0,\"openpopup\":false,\"openpopup_id\":0}' \/><div class=\"wpcf7-response-output\" aria-hidden=\"true\"><\/div><\/form><\/div>[\/vc_column_inner][vc_column_inner width=&#8221;1\/4&#8243;][\/vc_column_inner][\/vc_row_inner][vc_empty_space][\/vc_column][\/vc_row][vc_row][vc_column][vc_empty_space height=&#8221;40px&#8221;][vc_column_text]<\/p>\n<h2 style=\"text-align: center;\"><strong>FAQ<\/strong><\/h2>\n<p>[\/vc_column_text][vc_empty_space][vc_toggle title=&#8221;What is our health strategy?&#8221; style=&#8221;simple&#8221;]The maximum number of participants is set at 10 people, places are therefore limited.<br \/>\nIn the Kohinor Yoga space, hammocks will be assigned to students at the start of the retreat and the distance will necessarily be respected as well as all health rules.[\/vc_toggle][vc_toggle title=&#8221;What is our cancellation policy ?&#8221; style=&#8221;simple&#8221;]Please note that a 10% cancellation fee is applicable at all times in the event of cancellation.<br \/>\nNo refund will be possible if you cancel 5 days before the event. If you cannot attend our retreat, you can, however, transfer your registration to another person in your entourage. You must notify us in writing informing us of the name and contact details of the person to whom you are transferring your place.[\/vc_toggle][vc_toggle title=&#8221;What should you bring with you during the retreat ?&#8221; style=&#8221;simple&#8221;]To better live your journey and your practice:<br \/>\n&#8211; wear comfortable and stretchy clothes.<br \/>\n&#8211; wear t-shirts with sleeves and avoid tank tops.<br \/>\n&#8211; bring your own mat.<br \/>\n&#8211; don\u2019t forget a shawl or jacket for the relaxation.[\/vc_toggle][vc_toggle title=&#8221;Do you have any dietary restrictions ?&#8221; style=&#8221;simple&#8221;]For meals, if you have any dietary restrictions, let us know, we will adapt our menu accordingly.[\/vc_toggle][vc_empty_space height=&#8221;20px&#8221;][\/vc_column][\/vc_row]<\/p>\n","protected":false},"excerpt":{"rendered":"<p>[vc_row css=&#8221;.vc_custom_1542955832597{padding-top: 20px !important;padding-bottom: 5px !important;}&#8221;][vc_column width=&#8221;1\/2&#8243;][vc_empty_space height=&#8221;10px&#8221;][vc_column_text] Kohinor: Where Magic Meets Well-being [\/vc_column_text][vc_column_text]We are delighted to introduce a new Aerial Yoga retreat in Morocco, which will take you to a magical new location, a true hidden gem: Kohinor! Nestled in a lush garden, Kohinor is a little piece of paradise where you can disconnect [&hellip;]<\/p>\n","protected":false},"author":3,"featured_media":11190,"parent":0,"menu_order":0,"comment_status":"closed","ping_status":"closed","template":"template-home-modern.php","meta":[],"yoast_head":"<!-- This site is optimized with the Yoast SEO plugin v18.5.1 - https:\/\/yoast.com\/wordpress\/plugins\/seo\/ -->\n<title>AERIAL YOGA RETREAT Spring 2023 | Yoga Retreat | Morocco<\/title>\n<meta name=\"description\" content=\"Love Air Yoga offers you an aerial yoga retreat in Sidi Moussa from May 25 to 30, 2023. Visit our site to find out more, Namaste.\" \/>\n<meta name=\"robots\" content=\"index, follow, max-snippet:-1, max-image-preview:large, max-video-preview:-1\" \/>\n<link rel=\"canonical\" href=\"https:\/\/loveairyoga.com\/en\/our-yoga-retreat-offers\/\" \/>\n<meta property=\"og:locale\" content=\"en_US\" \/>\n<meta property=\"og:type\" content=\"article\" \/>\n<meta property=\"og:title\" content=\"AERIAL YOGA RETREAT Spring 2023 | Yoga Retreat | Morocco\" \/>\n<meta property=\"og:description\" content=\"Love Air Yoga offers you an aerial yoga retreat in Sidi Moussa from May 25 to 30, 2023. Visit our site to find out more, Namaste.\" \/>\n<meta property=\"og:url\" content=\"https:\/\/loveairyoga.com\/en\/our-yoga-retreat-offers\/\" \/>\n<meta property=\"og:site_name\" content=\"Love Air Yoga\" \/>\n<meta property=\"article:modified_time\" content=\"2023-05-04T14:45:23+00:00\" \/>\n<meta property=\"og:image\" content=\"http:\/\/loveairyoga.com\/wp-content\/uploads\/2019\/05\/retraite-yoga-maroc-massage-meditation-aerien-asana-luxury-retreat.jpg\" \/>\n\t<meta property=\"og:image:width\" content=\"1349\" \/>\n\t<meta property=\"og:image:height\" content=\"202\" \/>\n\t<meta property=\"og:image:type\" content=\"image\/jpeg\" \/>\n<meta name=\"twitter:card\" content=\"summary_large_image\" \/>\n<meta name=\"twitter:label1\" content=\"Est. reading time\" \/>\n\t<meta name=\"twitter:data1\" content=\"5 minutes\" \/>\n<script type=\"application\/ld+json\" class=\"yoast-schema-graph\">{\"@context\":\"https:\/\/schema.org\",\"@graph\":[{\"@type\":\"Organization\",\"@id\":\"https:\/\/loveairyoga.com\/en\/#organization\",\"name\":\"Love Air Yoga\",\"url\":\"https:\/\/loveairyoga.com\/en\/\",\"sameAs\":[],\"logo\":{\"@type\":\"ImageObject\",\"@id\":\"https:\/\/loveairyoga.com\/en\/#logo\",\"inLanguage\":\"en-US\",\"url\":\"https:\/\/loveairyoga.com\/wp-content\/uploads\/2019\/03\/cropped-logo-love-air-yoga-2.png\",\"contentUrl\":\"https:\/\/loveairyoga.com\/wp-content\/uploads\/2019\/03\/cropped-logo-love-air-yoga-2.png\",\"width\":123,\"height\":60,\"caption\":\"Love Air Yoga\"},\"image\":{\"@id\":\"https:\/\/loveairyoga.com\/en\/#logo\"}},{\"@type\":\"WebSite\",\"@id\":\"https:\/\/loveairyoga.com\/en\/#website\",\"url\":\"https:\/\/loveairyoga.com\/en\/\",\"name\":\"Love Air Yoga\",\"description\":\"Un site utilisant WordPress\",\"publisher\":{\"@id\":\"https:\/\/loveairyoga.com\/en\/#organization\"},\"potentialAction\":[{\"@type\":\"SearchAction\",\"target\":{\"@type\":\"EntryPoint\",\"urlTemplate\":\"https:\/\/loveairyoga.com\/en\/?s={search_term_string}\"},\"query-input\":\"required name=search_term_string\"}],\"inLanguage\":\"en-US\"},{\"@type\":\"ImageObject\",\"@id\":\"https:\/\/loveairyoga.com\/en\/our-yoga-retreat-offers\/#primaryimage\",\"inLanguage\":\"en-US\",\"url\":\"https:\/\/loveairyoga.com\/wp-content\/uploads\/2019\/05\/retraite-yoga-maroc-massage-meditation-aerien-asana-luxury-retreat.jpg\",\"contentUrl\":\"https:\/\/loveairyoga.com\/wp-content\/uploads\/2019\/05\/retraite-yoga-maroc-massage-meditation-aerien-asana-luxury-retreat.jpg\",\"width\":1349,\"height\":202,\"caption\":\"retraite-yoga-maroc-massage-meditation-aerien-asana-luxury-retreat-agadir-offres\"},{\"@type\":\"WebPage\",\"@id\":\"https:\/\/loveairyoga.com\/en\/our-yoga-retreat-offers\/#webpage\",\"url\":\"https:\/\/loveairyoga.com\/en\/our-yoga-retreat-offers\/\",\"name\":\"AERIAL YOGA RETREAT Spring 2023 | Yoga Retreat | Morocco\",\"isPartOf\":{\"@id\":\"https:\/\/loveairyoga.com\/en\/#website\"},\"primaryImageOfPage\":{\"@id\":\"https:\/\/loveairyoga.com\/en\/our-yoga-retreat-offers\/#primaryimage\"},\"datePublished\":\"2019-06-11T13:30:26+00:00\",\"dateModified\":\"2023-05-04T14:45:23+00:00\",\"description\":\"Love Air Yoga offers you an aerial yoga retreat in Sidi Moussa from May 25 to 30, 2023. Visit our site to find out more, Namaste.\",\"breadcrumb\":{\"@id\":\"https:\/\/loveairyoga.com\/en\/our-yoga-retreat-offers\/#breadcrumb\"},\"inLanguage\":\"en-US\",\"potentialAction\":[{\"@type\":\"ReadAction\",\"target\":[\"https:\/\/loveairyoga.com\/en\/our-yoga-retreat-offers\/\"]}]},{\"@type\":\"BreadcrumbList\",\"@id\":\"https:\/\/loveairyoga.com\/en\/our-yoga-retreat-offers\/#breadcrumb\",\"itemListElement\":[{\"@type\":\"ListItem\",\"position\":1,\"name\":\"Accueil\",\"item\":\"https:\/\/loveairyoga.com\/en\/\"},{\"@type\":\"ListItem\",\"position\":2,\"name\":\"Aerial yoga retreat in Kohinor\"}]}]}<\/script>\n<!-- \/ Yoast SEO plugin. -->","yoast_head_json":{"title":"AERIAL YOGA RETREAT Spring 2023 | Yoga Retreat | Morocco","description":"Love Air Yoga offers you an aerial yoga retreat in Sidi Moussa from May 25 to 30, 2023. Visit our site to find out more, Namaste.","robots":{"index":"index","follow":"follow","max-snippet":"max-snippet:-1","max-image-preview":"max-image-preview:large","max-video-preview":"max-video-preview:-1"},"canonical":"https:\/\/loveairyoga.com\/en\/our-yoga-retreat-offers\/","og_locale":"en_US","og_type":"article","og_title":"AERIAL YOGA RETREAT Spring 2023 | Yoga Retreat | Morocco","og_description":"Love Air Yoga offers you an aerial yoga retreat in Sidi Moussa from May 25 to 30, 2023. Visit our site to find out more, Namaste.","og_url":"https:\/\/loveairyoga.com\/en\/our-yoga-retreat-offers\/","og_site_name":"Love Air Yoga","article_modified_time":"2023-05-04T14:45:23+00:00","og_image":[{"width":1349,"height":202,"url":"http:\/\/loveairyoga.com\/wp-content\/uploads\/2019\/05\/retraite-yoga-maroc-massage-meditation-aerien-asana-luxury-retreat.jpg","type":"image\/jpeg"}],"twitter_card":"summary_large_image","twitter_misc":{"Est. reading time":"5 minutes"},"schema":{"@context":"https:\/\/schema.org","@graph":[{"@type":"Organization","@id":"https:\/\/loveairyoga.com\/en\/#organization","name":"Love Air Yoga","url":"https:\/\/loveairyoga.com\/en\/","sameAs":[],"logo":{"@type":"ImageObject","@id":"https:\/\/loveairyoga.com\/en\/#logo","inLanguage":"en-US","url":"https:\/\/loveairyoga.com\/wp-content\/uploads\/2019\/03\/cropped-logo-love-air-yoga-2.png","contentUrl":"https:\/\/loveairyoga.com\/wp-content\/uploads\/2019\/03\/cropped-logo-love-air-yoga-2.png","width":123,"height":60,"caption":"Love Air Yoga"},"image":{"@id":"https:\/\/loveairyoga.com\/en\/#logo"}},{"@type":"WebSite","@id":"https:\/\/loveairyoga.com\/en\/#website","url":"https:\/\/loveairyoga.com\/en\/","name":"Love Air Yoga","description":"Un site utilisant WordPress","publisher":{"@id":"https:\/\/loveairyoga.com\/en\/#organization"},"potentialAction":[{"@type":"SearchAction","target":{"@type":"EntryPoint","urlTemplate":"https:\/\/loveairyoga.com\/en\/?s={search_term_string}"},"query-input":"required name=search_term_string"}],"inLanguage":"en-US"},{"@type":"ImageObject","@id":"https:\/\/loveairyoga.com\/en\/our-yoga-retreat-offers\/#primaryimage","inLanguage":"en-US","url":"https:\/\/loveairyoga.com\/wp-content\/uploads\/2019\/05\/retraite-yoga-maroc-massage-meditation-aerien-asana-luxury-retreat.jpg","contentUrl":"https:\/\/loveairyoga.com\/wp-content\/uploads\/2019\/05\/retraite-yoga-maroc-massage-meditation-aerien-asana-luxury-retreat.jpg","width":1349,"height":202,"caption":"retraite-yoga-maroc-massage-meditation-aerien-asana-luxury-retreat-agadir-offres"},{"@type":"WebPage","@id":"https:\/\/loveairyoga.com\/en\/our-yoga-retreat-offers\/#webpage","url":"https:\/\/loveairyoga.com\/en\/our-yoga-retreat-offers\/","name":"AERIAL YOGA RETREAT Spring 2023 | Yoga Retreat | Morocco","isPartOf":{"@id":"https:\/\/loveairyoga.com\/en\/#website"},"primaryImageOfPage":{"@id":"https:\/\/loveairyoga.com\/en\/our-yoga-retreat-offers\/#primaryimage"},"datePublished":"2019-06-11T13:30:26+00:00","dateModified":"2023-05-04T14:45:23+00:00","description":"Love Air Yoga offers you an aerial yoga retreat in Sidi Moussa from May 25 to 30, 2023. Visit our site to find out more, Namaste.","breadcrumb":{"@id":"https:\/\/loveairyoga.com\/en\/our-yoga-retreat-offers\/#breadcrumb"},"inLanguage":"en-US","potentialAction":[{"@type":"ReadAction","target":["https:\/\/loveairyoga.com\/en\/our-yoga-retreat-offers\/"]}]},{"@type":"BreadcrumbList","@id":"https:\/\/loveairyoga.com\/en\/our-yoga-retreat-offers\/#breadcrumb","itemListElement":[{"@type":"ListItem","position":1,"name":"Accueil","item":"https:\/\/loveairyoga.com\/en\/"},{"@type":"ListItem","position":2,"name":"Aerial yoga retreat in Kohinor"}]}]}},"_links":{"self":[{"href":"https:\/\/loveairyoga.com\/en\/wp-json\/wp\/v2\/pages\/11189"}],"collection":[{"href":"https:\/\/loveairyoga.com\/en\/wp-json\/wp\/v2\/pages"}],"about":[{"href":"https:\/\/loveairyoga.com\/en\/wp-json\/wp\/v2\/types\/page"}],"author":[{"embeddable":true,"href":"https:\/\/loveairyoga.com\/en\/wp-json\/wp\/v2\/users\/3"}],"replies":[{"embeddable":true,"href":"https:\/\/loveairyoga.com\/en\/wp-json\/wp\/v2\/comments?post=11189"}],"version-history":[{"count":5,"href":"https:\/\/loveairyoga.com\/en\/wp-json\/wp\/v2\/pages\/11189\/revisions"}],"predecessor-version":[{"id":14084,"href":"https:\/\/loveairyoga.com\/en\/wp-json\/wp\/v2\/pages\/11189\/revisions\/14084"}],"wp:featuredmedia":[{"embeddable":true,"href":"https:\/\/loveairyoga.com\/en\/wp-json\/wp\/v2\/media\/11190"}],"wp:attachment":[{"href":"https:\/\/loveairyoga.com\/en\/wp-json\/wp\/v2\/media?parent=11189"}],"curies":[{"name":"wp","href":"https:\/\/api.w.org\/{rel}","templated":true}]}}